{"id":564,"date":"2018-06-13T12:50:08","date_gmt":"2018-06-13T10:50:08","guid":{"rendered":"https:\/\/kapitalpartner.dk\/privatlivspolitik\/"},"modified":"2022-11-03T12:20:39","modified_gmt":"2022-11-03T11:20:39","slug":"privatlivspolitik","status":"publish","type":"page","link":"https:\/\/kapitalpartner.dk\/en\/privatlivspolitik\/","title":{"rendered":"Privatlivspolitik"},"content":{"rendered":"\t\t<div data-elementor-type=\"wp-page\" data-elementor-id=\"564\" class=\"elementor elementor-564 elementor-338\" data-elementor-post-type=\"page\">\n\t\t\t\t\t\t<section class=\"elementor-section elementor-top-section elementor-element elementor-element-73504d8 elementor-section-full_width elementor-section-stretched elementor-section-height-default elementor-section-height-default\" data-id=\"73504d8\" data-element_type=\"section\" data-settings=\"{&quot;stretch_section&quot;:&quot;section-stretched&quot;,&quot;background_background&quot;:&quot;classic&quot;}\">\n\t\t\t\t\t\t<div class=\"elementor-container elementor-column-gap-no\">\n\t\t\t\t\t<div class=\"elementor-column elementor-col-100 elementor-top-column elementor-element elementor-element-1ba76b7\" data-id=\"1ba76b7\" data-element_type=\"column\" data-settings=\"{&quot;background_background&quot;:&quot;classic&quot;}\">\n\t\t\t<div class=\"elementor-widget-wrap elementor-element-populated\">\n\t\t\t\t\t\t<div class=\"elementor-element elementor-element-e484211 elementor-widget elementor-widget-image\" data-id=\"e484211\" data-element_type=\"widget\" data-widget_type=\"image.default\">\n\t\t\t\t<div class=\"elementor-widget-container\">\n\t\t\t\t\t\t\t\t\t\t\t\t\t\t\t<img fetchpriority=\"high\" decoding=\"async\" width=\"1200\" height=\"292\" src=\"https:\/\/kapitalpartner.dk\/wp-content\/uploads\/2022\/10\/Corporate-Finance-e1667391450167.jpg\" class=\"attachment-full size-full wp-image-25834\" alt=\"\" srcset=\"https:\/\/kapitalpartner.dk\/wp-content\/uploads\/2022\/10\/Corporate-Finance-e1667391450167.jpg 1200w, https:\/\/kapitalpartner.dk\/wp-content\/uploads\/2022\/10\/Corporate-Finance-e1667391450167-300x73.jpg 300w, https:\/\/kapitalpartner.dk\/wp-content\/uploads\/2022\/10\/Corporate-Finance-e1667391450167-768x187.jpg 768w\" sizes=\"(max-width: 1200px) 100vw, 1200px\" \/>\t\t\t\t\t\t\t\t\t\t\t\t\t\t\t<\/div>\n\t\t\t\t<\/div>\n\t\t\t\t\t<\/div>\n\t\t<\/div>\n\t\t\t\t\t<\/div>\n\t\t<\/section>\n\t\t\t\t<section class=\"elementor-section elementor-top-section elementor-element elementor-element-748355f7 elementor-section-boxed elementor-section-height-default elementor-section-height-default\" data-id=\"748355f7\" data-element_type=\"section\">\n\t\t\t\t\t\t<div class=\"elementor-container elementor-column-gap-default\">\n\t\t\t\t\t<div class=\"elementor-column elementor-col-100 elementor-top-column elementor-element elementor-element-eb512be\" data-id=\"eb512be\" data-element_type=\"column\">\n\t\t\t<div class=\"elementor-widget-wrap elementor-element-populated\">\n\t\t\t\t\t\t<div class=\"elementor-element elementor-element-58078143 elementor-widget elementor-widget-text-editor\" data-id=\"58078143\" data-element_type=\"widget\" data-widget_type=\"text-editor.default\">\n\t\t\t\t<div class=\"elementor-widget-container\">\n\t\t\t\t\t\t\t\t\tVed at benytte [wp_site_url] accepterer du, at [wp_site_name] behandler dine personoplysninger og cookies i henhold til nedenst\u00e5ende data- og cookiepolitik. Cookies bruges til f\u00e5 [wp_site_url] til at fungere. Vi bruger bl.a. cookies til at g\u00f8re det muligt at l\u00e6gge varer i kurven, logge ind og til at forbedre vores website.\r\n\r\n<a href=\"[stom_cookie_policy_link]\">Klik her for at g\u00e5 til cookie-politik<\/a>\r\n<h2>Kort om Privatlivs- og persondatapolitik<\/h2>\r\nDenne privatlivs- og persondatapolitik er sammenfattet for bedre at kunne oplyse dig som kunde om, hvilke persondata [wp_site_name] behandler, og hvordan vi behandler dem \u2013 persondata skal forst\u00e5s som al personhenf\u00f8rbar data.\r\n\r\n[wp_site_name] respekterer alle \u00f8nsker om hemmeligholdelse af personlige oplysninger, som afgives online og er opm\u00e6rksomme p\u00e5 behovet for hensigtsm\u00e6ssig beskyttelse og forsvarlig behandling af alle personlige oplysninger, som vi modtager.\r\n\r\nHvis ikke nedenst\u00e5ende persondatapolitik kan accepteres forbeholder [wp_site_name] sig retten til at afvise ordre og andre henvendelser, da en manglende accept kan medf\u00f8re at [wp_site_name] ikke kan servicere forholdet, som ellers er p\u00e5kr\u00e6vet via g\u00e6ldende lovgivning.\r\n<h2>Personoplysninger<\/h2>\r\nPersonoplysninger d\u00e6kker alle data, der kan bruges til at identificere personer, herunder men ikke begr\u00e6nset til for-, mellem- og efternavn, alder, k\u00f8n, stilling, privatadresse eller anden fysisk adresse, e-mailadresse eller andre kontaktoplysninger, uanset om de vedr\u00f8rer vedkommendes private bop\u00e6l eller arbejdsplads.\r\n\r\nLigeledes indeholder personoplysninger ogs\u00e5 data som adf\u00e6rd, k\u00f8bshistorik, \u00f8konomiske oplysninger mv., der alle benyttes i opretholdelse af kunde- og leverand\u00f8rforholdet mellem kunder og [wp_site_name].\r\n<h2>Hvilke personoplysninger indsamler og behandler vi?<\/h2>\r\nDu kan tilg\u00e5 [wp_site_url] uden at oplyse os om dine persondata. Ved tilgang til hjemmesiden uddeles der et ID til din session. Dette kan ikke identificere dig som person.\r\n\r\n[wp_site_name] har brug for en r\u00e6kke personoplysninger for at kunne handle med dig og din virksomhed, opretholde servicering af kundeforholdet samt markedsf\u00f8re produkter og ydelser. Visse oplysninger indsamles og behandles ogs\u00e5 efter lovkrav i henhold til hvidvasknings- og bogf\u00f8ringsloven.\r\n\r\nNedenst\u00e5ende oplysninger kan blive indsamlet og behandlet, n\u00e5r du bes\u00f8ger [wp_site_url];\r\nE-mailadresse, for- og efternavn, adresse, telefonnummer, alder, k\u00f8n, tekniske detaljer (IP-adresser inkluderet), adf\u00e6rd (inkluderet: bes\u00f8gte URL, event triggers, handlinger s\u00e5som klik, \u00e5bningsrater, log-in, tid p\u00e5 hver side mv.), geografiske data samt data der m\u00e5tte v\u00e6re n\u00f8dvendige for gennemf\u00f8rsel af en handel.\r\n<h2>[wp_site_name] indsamler og behandler oplysninger om dig, n\u00e5r du:<\/h2>\r\n<ul>\r\n \t<li>Opretter en konto<\/li>\r\n \t<li>Foretager k\u00f8b<\/li>\r\n \t<li>Sender foresp\u00f8rgsler, klager og\/eller interagerer med [wp_site_name] p\u00e5 anden vis<\/li>\r\n \t<li>Tilmelder dig og\/eller interagerer med online markedsf\u00f8ringsmaterialer (herunder med ikke begr\u00e6nset til nyhedsbreve, sms- og notifikationer, annoncer p\u00e5 tredjepartshjemmesider eller lignende)<\/li>\r\n \t<li>Afgiver personoplysninger p\u00e5 anden vis til [wp_site_name]<\/li>\r\n<\/ul>\r\n[wp_site_name] indsamler kun de personoplysninger, der er n\u00f8dvendige for at levere en ydelse eller et produkt, markedsf\u00f8re ydelser og produkter eller behandle foresp\u00f8rgsler.\r\n\r\n[wp_site_name] indsamler og\/eller k\u00f8ber ikke personhenf\u00f8rbare oplysninger fra tredjemand.\r\n\r\n[wp_site_name] benytter anerkendte kortindl\u00f8sere til evt. h\u00e5ndtering af online korttransaktioner og opbevarer ikke informationer om betalingskort. Bem\u00e6rk at ved fakturering opbevares fakturerings- og bankoplysninger i henhold til g\u00e6ldende love p\u00e5 omr\u00e5det herunder hvidvasknings- og bogf\u00f8ringsloven.\r\n<h2>Hvordan bruger vi dine oplysninger?<\/h2>\r\nVi kan g\u00f8re brug af den indsamlede information p\u00e5 f\u00f8lgende m\u00e5der:\r\n<ul>\r\n \t<li>Til at personalisere din oplevelse p\u00e5 mail og hjemmeside gennem personlige anbefalinger p\u00e5 baggrund af k\u00f8bshistorik<\/li>\r\n \t<li>Til at forbedre [wp_site_url] og markedsf\u00f8ring fra [wp_site_name]<\/li>\r\n \t<li>Til at kunne servicere dig bedre ved henvendelse til kundeservice<\/li>\r\n \t<li>Til at administrere konkurrencer, kundeunders\u00f8gelser mv.<\/li>\r\n \t<li>Til hurtigst muligt at kunne h\u00e5ndtere dine ordre<\/li>\r\n \t<li>Til at indhente produkt- og trustpilot anmeldelser<\/li>\r\n \t<li>Til opf\u00f8lgning p\u00e5 henvendelser<\/li>\r\n \t<li>Til generel markedsf\u00f8ring<\/li>\r\n<\/ul>\r\n<h2>Hvordan beskytter vi dine informationer?<\/h2>\r\nVores hjemmeside scannes l\u00f8bende for sikkerhedsbrister og svagheder, for at vi hurtigst muligt kan udelukke potentielle datal\u00e6kager og dermed g\u00f8re vores hjemmeside s\u00e5 sikker som muligt. Ligeledes scannes der regelm\u00e6ssigt for malware.\r\n\r\nDine personlige oplysninger opbevares p\u00e5 sikrede netv\u00e6rk og kan kun tilg\u00e5s af en begr\u00e6nset m\u00e6ngde medarbejdere med rettigheder til denne type information. Disse er desuden underlagt vores persondatapolitik, der sikrer dine rettigheder og sikrer overholdelse af g\u00e6ldende lovgivning p\u00e5 omr\u00e5det.\r\n\r\nI tilf\u00f8jelse af ovenst\u00e5ende behandles eventuelle sensitive- og betalingsinformationer p\u00e5 krypterede servere, der ikke kan tilg\u00e5s udefra. Kreditkortinformationer behandles af kortindl\u00f8sere og kan ikke tilg\u00e5s af hverken [wp_site_name] eller ansatte hos kortindl\u00f8sere. Disse transaktioner opbevares ikke p\u00e5 interne servere og behandles p\u00e5 intet tidspunkt af [wp_site_name] selv.\r\n<h2>Hvem videregiver vi personoplysninger til?<\/h2>\r\nPersonoplysninger afgivet p\u00e5 [wp_site_url] eller via telefonisk kontakt videregives kun til:\r\n<ul>\r\n \t<li>Interne afdelinger \/ personale<\/li>\r\n \t<li>Betroede tredjem\u00e6nd der er n\u00f8dvendige for opfyldelse af aftaler om levering, betaling og servicering herunder inkasso og retslige instanser<\/li>\r\n \t<li>Forretningspartnere med henblik p\u00e5 at vedligeholde din konto og\/eller markedsf\u00f8ring.<\/li>\r\n<\/ul>\r\nFor at kunne give den bedst mulige oplevelse p\u00e5 [wp_site_name]\u2019 hjemmesider f\u00f8rer vi statistik over, hvordan brugerne anvender siderne. Statistikken anvendes udelukkende i anonymiseret form f.eks. til at se, hvilke sider og hvilket indhold brugerne interagerer med.\r\n\r\n[wp_site_name] kan anvende Google Analytics til indsamling af bes\u00f8gsstatistik og videregiver i den forbindelse IP-adresser til Google Analytics. Privatlivsvilk\u00e5rene for Google Analytics accepteres ved bes\u00f8g p\u00e5 [wp_site_url] og kan findes her:<a href=\"https:\/\/privacy.google.com\/\" target=\"_blank\" rel=\"noopener\">www.google.com\/privacy<\/a>\r\n\r\nBlandt [wp_site_name] og alle forretningspartnere og leverand\u00f8rer forefindes en databehandleraftale, der til hver en tid skal sikre brugernes og kundernes interesser. Disse aftaler kan til hver en tid fremvises p\u00e5 anmodning.\r\n<h2>Hvor lagres dine personoplysninger?<\/h2>\r\nDine oplysninger lagres p\u00e5 servere i EU. Nogle personoplysninger administreres af en tredjemand (databehandler), som opbevarer og behandler personoplysninger p\u00e5 [wp_site_name]vegne i henhold til denne datapolitik og den g\u00e6ldende lovgivning om beskyttelse af persondata.\r\n\r\n\u00d8nsker du p\u00e5 noget tidspunkt at afmelde evt. nyhedsbreve, kan du f\u00f8lge instruktionerne I bunden af hver email. Har du imidlertid problemer med at afmelde dig, kan vores kundeservice kontaktes via nedenst\u00e5ende kontaktoplysninger.\r\n\r\nVed afmelding af markedsf\u00f8ring fra [wp_site_name] slettes alle tilsagn du har afgivet til os. Disse kan ikke genskabes, og \u00f8nsker du p\u00e5 noget tidspunkt indsigt i, hvad vi tidligere har sendt dig, tidligere tilbud eller lignende, g\u00f8r vi opm\u00e6rksom p\u00e5, at disse ikke kan genskabes.\r\n<h2>Hvor l\u00e6nge opbevares dine personoplysninger?<\/h2>\r\nVed et aktivt kundeforhold, opbevares dine data s\u00e5 l\u00e6nge som n\u00f8dvendigt, for at vi kan servicere dig. Afbrydes kundeforholdet, opbevares dine data op mod to \u00e5r, alt efter karakteren af dataene.\r\n\r\nDu kan til hver en tid bede om indsigt eller sletning af dine data. Af anden lovgivning (hhv. bogf\u00f8rings- og hvidvaskningsloven) bevares alle transaktionelle data, inkl. kontakt- og firmaoplysninger i fem \u00e5r.\r\n<h2>Datal\u00e6kage<\/h2>\r\nVi tager sikkerhedsbrud og datal\u00e6kage meget alvorligt. Ved mistanke om datal\u00e6kage fra [wp_site_name] interne servere eller hos eksterne partnere iv\u00e6rks\u00e6ttes en r\u00e6kke initiativer, der skal sikre vores kunder og brugere bedst muligt.\r\n\r\nDette indeb\u00e6rer blandt andet afd\u00e6kning af den potentielle skades omfang, meddelelse til potentielt ramte kunder og brugere, meddelelse til Datatilsynet samt handlinger, der skal fors\u00f8ge at indd\u00e6mme omfanget af skaderne.\r\n\r\nHar vi mistanke om datal\u00e6kage fra [wp_site_name] eller dennes eksterne partnere, vil alle \u00a0implicerede, herunder ogs\u00e5 brugeren, blive informeret herom indenfor 72 timer. Har du mistanke om, at dine data er l\u00e6kket fra [wp_site_name], bedes du til hver en tid tage kontakt til os.\r\n<h2>Adgang til oplysninger<\/h2>\r\nDu kan altid \u00e6ndre i dine kontooplysninger og interesseomr\u00e5der og herunder angive, om du \u00f8nsker, at vi skal kontakte dig i forbindelse med tilbud p\u00e5 varer eller serviceydelser eller framelde dig nyhedsbreve.\r\n\r\nDu kan f\u00e5 oplyst, hvilke oplysninger vi har registreret om dig. Hvis du \u00f8nsker at modtage en kopi af disse oplysninger, bedes du kontakte os.\r\n\r\nS\u00e5fremt du \u00f8nsker alle data slettet, bedes du kontakte os.\r\n\r\nBem\u00e6rk! N\u00e5r f\u00f8rst alle data er slettede, kan disse ikke genskabes. Data der kr\u00e6ves opbevaret ift. lovgivning kan ikke slettes p\u00e5 anmodning.\r\n<h2>Revision<\/h2>\r\nVi reviderer l\u00f8bende vores processer for databehandling. Denne politik opdateres en gang \u00e5rligt.\r\n<h2>Kontakt, \u00e6ndring og opdatering af persondatapolitikken<\/h2>\r\n[wp_site_name] forpligter sig til l\u00f8bende at opfylde lovgivningens krav til beskyttelse af privatlivets fred.\r\n\r\nHvis du har sp\u00f8rgsm\u00e5l eller kommentarer til vores datapolitik, eller til hvordan vi bruger dine personoplysninger, bedes du kontakte vores kundeservice.\r\n\r\n\u00d8nsker du p\u00e5 noget tidspunkt at afmelde vores nyhedsbreve, kan du f\u00f8lge instruktionerne I bunden af hver email. Har du imidlertid problemer med at afmelde dig, kan vores kundeservice kontaktes via nedenst\u00e5ende kontaktoplysninger.\r\n\r\nVed afmelding af markedsf\u00f8ring fra [wp_site_name] slettes alle tilsagn du har afgivet til os. Disse kan ikke genskabes, og \u00f8nsker du p\u00e5 noget tidspunkt indsigt i, hvad vi tidligere har sendt dig, tidligere tilbud eller lignende, g\u00f8r vi opm\u00e6rksom p\u00e5, at disse ikke kan genskabes.\t\t\t\t\t\t\t\t<\/div>\n\t\t\t\t<\/div>\n\t\t\t\t\t<\/div>\n\t\t<\/div>\n\t\t\t\t\t<\/div>\n\t\t<\/section>\n\t\t\t\t<\/div>\n\t\t","protected":false},"excerpt":{"rendered":"<p>Ved at benytte [wp_site_url] accepterer du, at [wp_site_name] behandler dine personoplysninger og cookies i henhold til nedenst\u00e5ende data- og cookiepolitik. Cookies bruges til f\u00e5 [wp_site_url] til at fungere. Vi bruger bl.a. cookies til at g\u00f8re det muligt at l\u00e6gge varer i kurven, logge ind og til at forbedre vores website. Klik her for at g\u00e5 [&hellip;]<\/p>\n","protected":false},"author":2,"featured_media":0,"parent":0,"menu_order":0,"comment_status":"closed","ping_status":"closed","template":"","meta":{"_acf_changed":false,"footnotes":""},"class_list":["post-564","page","type-page","status-publish","hentry"],"acf":[],"yoast_head":"<!-- This site is optimized with the Yoast SEO plugin v24.1 - https:\/\/yoast.com\/wordpress\/plugins\/seo\/ -->\n<title>Privatlivspolitik | Kapital Partner A\/S<\/title>\n<meta name=\"robots\" content=\"index, follow, max-snippet:-1, max-image-preview:large, max-video-preview:-1\" \/>\n<link rel=\"canonical\" href=\"https:\/\/kapitalpartner.dk\/en\/privatlivspolitik\/\" \/>\n<meta property=\"og:locale\" content=\"en_US\" \/>\n<meta property=\"og:type\" content=\"article\" \/>\n<meta property=\"og:title\" content=\"Privatlivspolitik | Kapital Partner A\/S\" \/>\n<meta property=\"og:description\" content=\"Ved at benytte [wp_site_url] accepterer du, at [wp_site_name] behandler dine personoplysninger og cookies i henhold til nedenst\u00e5ende data- og cookiepolitik. Cookies bruges til f\u00e5 [wp_site_url] til at fungere. Vi bruger bl.a. cookies til at g\u00f8re det muligt at l\u00e6gge varer i kurven, logge ind og til at forbedre vores website. Klik her for at g\u00e5 [&hellip;]\" \/>\n<meta property=\"og:url\" content=\"https:\/\/kapitalpartner.dk\/en\/privatlivspolitik\/\" \/>\n<meta property=\"og:site_name\" content=\"Kapital Partner A\/S\" \/>\n<meta property=\"article:publisher\" content=\"https:\/\/www.facebook.com\/kapitalpartner\" \/>\n<meta property=\"article:modified_time\" content=\"2022-11-03T11:20:39+00:00\" \/>\n<meta property=\"og:image\" content=\"https:\/\/kapitalpartner.dk\/wp-content\/uploads\/2022\/10\/Corporate-Finance-e1667391450167.jpg\" \/>\n<meta name=\"twitter:card\" content=\"summary_large_image\" \/>\n<meta name=\"twitter:site\" content=\"@KapitalPartner\" \/>\n<meta name=\"twitter:label1\" content=\"Est. reading time\" \/>\n\t<meta name=\"twitter:data1\" content=\"8 minutes\" \/>\n<script type=\"application\/ld+json\" class=\"yoast-schema-graph\">{\"@context\":\"https:\/\/schema.org\",\"@graph\":[{\"@type\":\"WebPage\",\"@id\":\"https:\/\/kapitalpartner.dk\/en\/privatlivspolitik\/\",\"url\":\"https:\/\/kapitalpartner.dk\/en\/privatlivspolitik\/\",\"name\":\"Privatlivspolitik | Kapital Partner A\/S\",\"isPartOf\":{\"@id\":\"https:\/\/kapitalpartner.dk\/#website\"},\"primaryImageOfPage\":{\"@id\":\"https:\/\/kapitalpartner.dk\/en\/privatlivspolitik\/#primaryimage\"},\"image\":{\"@id\":\"https:\/\/kapitalpartner.dk\/en\/privatlivspolitik\/#primaryimage\"},\"thumbnailUrl\":\"https:\/\/kapitalpartner.dk\/wp-content\/uploads\/2022\/10\/Corporate-Finance-e1667391450167.jpg\",\"datePublished\":\"2018-06-13T10:50:08+00:00\",\"dateModified\":\"2022-11-03T11:20:39+00:00\",\"breadcrumb\":{\"@id\":\"https:\/\/kapitalpartner.dk\/en\/privatlivspolitik\/#breadcrumb\"},\"inLanguage\":\"en-US\",\"potentialAction\":[{\"@type\":\"ReadAction\",\"target\":[\"https:\/\/kapitalpartner.dk\/en\/privatlivspolitik\/\"]}]},{\"@type\":\"ImageObject\",\"inLanguage\":\"en-US\",\"@id\":\"https:\/\/kapitalpartner.dk\/en\/privatlivspolitik\/#primaryimage\",\"url\":\"https:\/\/kapitalpartner.dk\/wp-content\/uploads\/2022\/10\/Corporate-Finance-e1667391450167.jpg\",\"contentUrl\":\"https:\/\/kapitalpartner.dk\/wp-content\/uploads\/2022\/10\/Corporate-Finance-e1667391450167.jpg\"},{\"@type\":\"BreadcrumbList\",\"@id\":\"https:\/\/kapitalpartner.dk\/en\/privatlivspolitik\/#breadcrumb\",\"itemListElement\":[{\"@type\":\"ListItem\",\"position\":1,\"name\":\"Home\",\"item\":\"https:\/\/kapitalpartner.dk\/en\/\"},{\"@type\":\"ListItem\",\"position\":2,\"name\":\"Privatlivspolitik\"}]},{\"@type\":\"WebSite\",\"@id\":\"https:\/\/kapitalpartner.dk\/#website\",\"url\":\"https:\/\/kapitalpartner.dk\/\",\"name\":\"Kapital Partner A\/S\",\"description\":\"\",\"publisher\":{\"@id\":\"https:\/\/kapitalpartner.dk\/#organization\"},\"potentialAction\":[{\"@type\":\"SearchAction\",\"target\":{\"@type\":\"EntryPoint\",\"urlTemplate\":\"https:\/\/kapitalpartner.dk\/?s={search_term_string}\"},\"query-input\":{\"@type\":\"PropertyValueSpecification\",\"valueRequired\":true,\"valueName\":\"search_term_string\"}}],\"inLanguage\":\"en-US\"},{\"@type\":\"Organization\",\"@id\":\"https:\/\/kapitalpartner.dk\/#organization\",\"name\":\"Kapital Partner A\/S\",\"url\":\"https:\/\/kapitalpartner.dk\/\",\"logo\":{\"@type\":\"ImageObject\",\"inLanguage\":\"en-US\",\"@id\":\"https:\/\/kapitalpartner.dk\/#\/schema\/logo\/image\/\",\"url\":\"https:\/\/kapitalpartner.dk\/wp-content\/uploads\/2021\/10\/Vandret-logo-PNG.png\",\"contentUrl\":\"https:\/\/kapitalpartner.dk\/wp-content\/uploads\/2021\/10\/Vandret-logo-PNG.png\",\"width\":496,\"height\":432,\"caption\":\"Kapital Partner A\/S\"},\"image\":{\"@id\":\"https:\/\/kapitalpartner.dk\/#\/schema\/logo\/image\/\"},\"sameAs\":[\"https:\/\/www.facebook.com\/kapitalpartner\",\"https:\/\/x.com\/KapitalPartner\",\"https:\/\/www.linkedin.com\/company\/10438322\",\"https:\/\/www.youtube.com\/channel\/UCODuY5PE_fxmp2nSSsq3l3w\"]}]}<\/script>\n<!-- \/ Yoast SEO plugin. -->","yoast_head_json":{"title":"Privatlivspolitik | Kapital Partner A\/S","robots":{"index":"index","follow":"follow","max-snippet":"max-snippet:-1","max-image-preview":"max-image-preview:large","max-video-preview":"max-video-preview:-1"},"canonical":"https:\/\/kapitalpartner.dk\/en\/privatlivspolitik\/","og_locale":"en_US","og_type":"article","og_title":"Privatlivspolitik | Kapital Partner A\/S","og_description":"Ved at benytte [wp_site_url] accepterer du, at [wp_site_name] behandler dine personoplysninger og cookies i henhold til nedenst\u00e5ende data- og cookiepolitik. Cookies bruges til f\u00e5 [wp_site_url] til at fungere. Vi bruger bl.a. cookies til at g\u00f8re det muligt at l\u00e6gge varer i kurven, logge ind og til at forbedre vores website. Klik her for at g\u00e5 [&hellip;]","og_url":"https:\/\/kapitalpartner.dk\/en\/privatlivspolitik\/","og_site_name":"Kapital Partner A\/S","article_publisher":"https:\/\/www.facebook.com\/kapitalpartner","article_modified_time":"2022-11-03T11:20:39+00:00","og_image":[{"url":"https:\/\/kapitalpartner.dk\/wp-content\/uploads\/2022\/10\/Corporate-Finance-e1667391450167.jpg","type":"","width":"","height":""}],"twitter_card":"summary_large_image","twitter_site":"@KapitalPartner","twitter_misc":{"Est. reading time":"8 minutes"},"schema":{"@context":"https:\/\/schema.org","@graph":[{"@type":"WebPage","@id":"https:\/\/kapitalpartner.dk\/en\/privatlivspolitik\/","url":"https:\/\/kapitalpartner.dk\/en\/privatlivspolitik\/","name":"Privatlivspolitik | Kapital Partner A\/S","isPartOf":{"@id":"https:\/\/kapitalpartner.dk\/#website"},"primaryImageOfPage":{"@id":"https:\/\/kapitalpartner.dk\/en\/privatlivspolitik\/#primaryimage"},"image":{"@id":"https:\/\/kapitalpartner.dk\/en\/privatlivspolitik\/#primaryimage"},"thumbnailUrl":"https:\/\/kapitalpartner.dk\/wp-content\/uploads\/2022\/10\/Corporate-Finance-e1667391450167.jpg","datePublished":"2018-06-13T10:50:08+00:00","dateModified":"2022-11-03T11:20:39+00:00","breadcrumb":{"@id":"https:\/\/kapitalpartner.dk\/en\/privatlivspolitik\/#breadcrumb"},"inLanguage":"en-US","potentialAction":[{"@type":"ReadAction","target":["https:\/\/kapitalpartner.dk\/en\/privatlivspolitik\/"]}]},{"@type":"ImageObject","inLanguage":"en-US","@id":"https:\/\/kapitalpartner.dk\/en\/privatlivspolitik\/#primaryimage","url":"https:\/\/kapitalpartner.dk\/wp-content\/uploads\/2022\/10\/Corporate-Finance-e1667391450167.jpg","contentUrl":"https:\/\/kapitalpartner.dk\/wp-content\/uploads\/2022\/10\/Corporate-Finance-e1667391450167.jpg"},{"@type":"BreadcrumbList","@id":"https:\/\/kapitalpartner.dk\/en\/privatlivspolitik\/#breadcrumb","itemListElement":[{"@type":"ListItem","position":1,"name":"Home","item":"https:\/\/kapitalpartner.dk\/en\/"},{"@type":"ListItem","position":2,"name":"Privatlivspolitik"}]},{"@type":"WebSite","@id":"https:\/\/kapitalpartner.dk\/#website","url":"https:\/\/kapitalpartner.dk\/","name":"Kapital Partner A\/S","description":"","publisher":{"@id":"https:\/\/kapitalpartner.dk\/#organization"},"potentialAction":[{"@type":"SearchAction","target":{"@type":"EntryPoint","urlTemplate":"https:\/\/kapitalpartner.dk\/?s={search_term_string}"},"query-input":{"@type":"PropertyValueSpecification","valueRequired":true,"valueName":"search_term_string"}}],"inLanguage":"en-US"},{"@type":"Organization","@id":"https:\/\/kapitalpartner.dk\/#organization","name":"Kapital Partner A\/S","url":"https:\/\/kapitalpartner.dk\/","logo":{"@type":"ImageObject","inLanguage":"en-US","@id":"https:\/\/kapitalpartner.dk\/#\/schema\/logo\/image\/","url":"https:\/\/kapitalpartner.dk\/wp-content\/uploads\/2021\/10\/Vandret-logo-PNG.png","contentUrl":"https:\/\/kapitalpartner.dk\/wp-content\/uploads\/2021\/10\/Vandret-logo-PNG.png","width":496,"height":432,"caption":"Kapital Partner A\/S"},"image":{"@id":"https:\/\/kapitalpartner.dk\/#\/schema\/logo\/image\/"},"sameAs":["https:\/\/www.facebook.com\/kapitalpartner","https:\/\/x.com\/KapitalPartner","https:\/\/www.linkedin.com\/company\/10438322","https:\/\/www.youtube.com\/channel\/UCODuY5PE_fxmp2nSSsq3l3w"]}]}},"_links":{"self":[{"href":"https:\/\/kapitalpartner.dk\/en\/wp-json\/wp\/v2\/pages\/564"}],"collection":[{"href":"https:\/\/kapitalpartner.dk\/en\/wp-json\/wp\/v2\/pages"}],"about":[{"href":"https:\/\/kapitalpartner.dk\/en\/wp-json\/wp\/v2\/types\/page"}],"author":[{"embeddable":true,"href":"https:\/\/kapitalpartner.dk\/en\/wp-json\/wp\/v2\/users\/2"}],"replies":[{"embeddable":true,"href":"https:\/\/kapitalpartner.dk\/en\/wp-json\/wp\/v2\/comments?post=564"}],"version-history":[{"count":3,"href":"https:\/\/kapitalpartner.dk\/en\/wp-json\/wp\/v2\/pages\/564\/revisions"}],"predecessor-version":[{"id":27406,"href":"https:\/\/kapitalpartner.dk\/en\/wp-json\/wp\/v2\/pages\/564\/revisions\/27406"}],"wp:attachment":[{"href":"https:\/\/kapitalpartner.dk\/en\/wp-json\/wp\/v2\/media?parent=564"}],"curies":[{"name":"wp","href":"https:\/\/api.w.org\/{rel}","templated":true}]}}