{"id":555,"date":"2018-06-13T12:50:08","date_gmt":"2018-06-13T10:50:08","guid":{"rendered":"https:\/\/kapitalpartner.dk\/cookie-politik\/"},"modified":"2022-11-03T09:01:13","modified_gmt":"2022-11-03T08:01:13","slug":"cookie-politik","status":"publish","type":"page","link":"https:\/\/kapitalpartner.dk\/en\/cookie-politik\/","title":{"rendered":"Cookie-politik"},"content":{"rendered":"\t\t<div data-elementor-type=\"wp-page\" data-elementor-id=\"555\" class=\"elementor elementor-555\" data-elementor-post-type=\"page\">\n\t\t\t\t\t\t<section class=\"elementor-section elementor-top-section elementor-element elementor-element-8113985 elementor-section-full_width elementor-section-stretched elementor-section-height-default elementor-section-height-default\" data-id=\"8113985\" data-element_type=\"section\" data-settings=\"{&quot;stretch_section&quot;:&quot;section-stretched&quot;,&quot;background_background&quot;:&quot;classic&quot;}\">\n\t\t\t\t\t\t<div class=\"elementor-container elementor-column-gap-no\">\n\t\t\t\t\t<div class=\"elementor-column elementor-col-100 elementor-top-column elementor-element elementor-element-9a922e4\" data-id=\"9a922e4\" data-element_type=\"column\" data-settings=\"{&quot;background_background&quot;:&quot;classic&quot;}\">\n\t\t\t<div class=\"elementor-widget-wrap elementor-element-populated\">\n\t\t\t\t\t\t<div class=\"elementor-element elementor-element-bf320f4 elementor-widget elementor-widget-image\" data-id=\"bf320f4\" data-element_type=\"widget\" data-widget_type=\"image.default\">\n\t\t\t\t<div class=\"elementor-widget-container\">\n\t\t\t\t\t\t\t\t\t\t\t\t\t\t\t<img fetchpriority=\"high\" decoding=\"async\" width=\"1200\" height=\"292\" src=\"https:\/\/kapitalpartner.dk\/wp-content\/uploads\/2022\/10\/Corporate-Finance-e1667391450167.jpg\" class=\"attachment-full size-full wp-image-25834\" alt=\"\" srcset=\"https:\/\/kapitalpartner.dk\/wp-content\/uploads\/2022\/10\/Corporate-Finance-e1667391450167.jpg 1200w, https:\/\/kapitalpartner.dk\/wp-content\/uploads\/2022\/10\/Corporate-Finance-e1667391450167-300x73.jpg 300w, https:\/\/kapitalpartner.dk\/wp-content\/uploads\/2022\/10\/Corporate-Finance-e1667391450167-768x187.jpg 768w\" sizes=\"(max-width: 1200px) 100vw, 1200px\" \/>\t\t\t\t\t\t\t\t\t\t\t\t\t\t\t<\/div>\n\t\t\t\t<\/div>\n\t\t\t\t\t<\/div>\n\t\t<\/div>\n\t\t\t\t\t<\/div>\n\t\t<\/section>\n\t\t\t\t<section class=\"elementor-section elementor-top-section elementor-element elementor-element-2df3bcfc elementor-section-boxed elementor-section-height-default elementor-section-height-default\" data-id=\"2df3bcfc\" data-element_type=\"section\">\n\t\t\t\t\t\t<div class=\"elementor-container elementor-column-gap-default\">\n\t\t\t\t\t<div class=\"elementor-column elementor-col-100 elementor-top-column elementor-element elementor-element-32cef068\" data-id=\"32cef068\" data-element_type=\"column\">\n\t\t\t<div class=\"elementor-widget-wrap elementor-element-populated\">\n\t\t\t\t\t\t<div class=\"elementor-element elementor-element-4a15c42 elementor-widget elementor-widget-text-editor\" data-id=\"4a15c42\" data-element_type=\"widget\" data-widget_type=\"text-editor.default\">\n\t\t\t\t<div class=\"elementor-widget-container\">\n\t\t\t\t\t\t\t\t\t<strong>Brug af cookies<\/strong>\r\n\r\nHer kan du l\u00e6se [wp_site_name] politik for anvendelsen af cookies ved bes\u00f8g p\u00e5 [wp_site_url]. Ved bes\u00f8g p\u00e5 [wp_site_name] hjemmeside accepterer du nedenst\u00e5ende politik om cookies.\r\n\r\n<a href=\"[stom_privacy_policy_link]\">Klik her for at g\u00e5 til privatlivspolitik<\/a>\r\n<h2>Hvad er en cookie?<\/h2>\r\nEn cookie er en lille tekstfil, denne gemmes i webbrowseren p\u00e5 din computer, smartphone, iPad eller hvad du ellers g\u00e5r p\u00e5 nettet med. Cookies g\u00f8r det muligt at identificere din computer mv. og samle information om, din adf\u00e6rd p\u00e5 nettet, herunder hvilke sider og funktioner, der bes\u00f8ges med din browser, samt sikre at den fungerer rent teknisk. I nogle tilf\u00e6lde er cookies n\u00f8dvendige for at f\u00e5 et website til at fungere efter hensigten. En cookie er statisk og \u00a0kan ikke sprede computervirus eller p\u00e5 andre m\u00e5der distribuere skadelige programmer. Den er anonym og indeholder ingen personoplysninger. Cookies anvendes af stort set alle websites.\r\n<h2>Typer af cookies<\/h2>\r\nDer findes to typer af cookies: Sessionscookies og permanente cookies. Sessioncookies slettes automatisk fra browseren, n\u00e5r du lukker den. Permanente cookies gemmes p\u00e5 din enhed i en bestemt tidsperiode hvorefter de udl\u00f8ber.\r\n\r\nDer skelnes desuden mellem f\u00f8rstepartscookies og tredjepartscookies. F\u00f8rstepartscookies s\u00e6ttes af den hjemmeside du bes\u00f8ger, tredjepartscookies s\u00e6ttes af en tredjepart, som har elementer indlejret p\u00e5 den hjemmeside, du bes\u00f8ger. Tredjepartscookies s\u00e6ttes bl.a. af webanalyseprogrammer, som f.eks. Google Analytics og WebTrends.\r\n\r\nDenne Cookiepolitik g\u00e6lder kun for [wp_site_url]. Ved klik p\u00e5 funktioner, der navigerer til andre websites har [wp_site_name] ikke ansvar for eller kontrol over, hvilke cookies, der anvendes.\r\n<h2>Cookies p\u00e5 [wp_site_url]<\/h2>\r\n[cookie_table]\r\n<table class=\"stom-cookie-table\">\r\n<thead>\r\n<tr>\r\n<th>Cookie Type<\/th>\r\n<th>Beskrivelse<\/th>\r\n<\/tr>\r\n<\/thead>\r\n<tbody>\r\n<tr>\r\n<th>System<\/th>\r\n<th><\/th>\r\n<\/tr>\r\n<tr>\r\n<td>wordpress_test_cookie<\/td>\r\n<td>Lifetime: End of browser session. WordPress test cookie.<\/td>\r\n<\/tr>\r\n<tr>\r\n<td>wp-settings-time-&lt;USER_ID&gt;<\/td>\r\n<td>Lifetime: ~1 year. WordPress also sets a few wp-settings-{time}-[UID] cookies. The number on the end is your individual user ID from the users database table. This is used to customize your view of admin interface, and possibly also the main site interface.<\/td>\r\n<\/tr>\r\n<tr>\r\n<td>wp-settings-&lt;USER_ID&gt;<\/td>\r\n<td>Lifetime: ~1 year. WordPress also sets a few wp-settings-{time}-[UID] cookies. The number on the end is your individual user ID from the users database table. This is used to customize your view of admin interface, and possibly also the main site interface.<\/td>\r\n<\/tr>\r\n<tr>\r\n<td>wordpress_logged_in_&lt;SESSION_HASH&gt;<\/td>\r\n<td>Lifetime: ~2 weeks. WordPress cookie for a logged in user.<\/td>\r\n<\/tr>\r\n<tr>\r\n<td>PHPSESSID<\/td>\r\n<td>Lifetime: End of browser session. Contains a reference to a session stored on the web server. No information is stored in the user&#8217;s browser and this cookie can only be used by the current web site.<\/td>\r\n<\/tr>\r\n<\/tbody>\r\n<\/table>\r\n[\/cookie_table]\r\n\r\nFindes ingen &#8211; listes almindelige cookies\r\n<h2>Hvordan undg\u00e5r eller sletter du cookies<\/h2>\r\nHvis du ikke \u00f8nsker cookies fra [wp_site_url] kan du altid blokere for alle cookies, slette eksisterende cookies p\u00e5 din computer eller modtage en advarsel f\u00f8r, der gemmes en cookie. Alle browsere tillader, at du sletter cookies enkeltvis eller alle p\u00e5 en gang. Hvordan du g\u00f8r det, afh\u00e6nger af, hvilken browser du anvender. F\u00f8lg links nedenfor f\u00e5r at f\u00e5 vejledninger til din browser. Husk, at bruger du flere browsere, skal du slette cookies i dem alle.\r\n<ul>\r\n \t<li><a href=\"http:\/\/windows.microsoft.com\/da-DK\/windows-vista\/Delete-your-Internet-cookies\" target=\"_blank\" rel=\"noopener\">Vejledning i at slette cookies p\u00e5 Microsoft Internet Explorer<\/a><\/li>\r\n \t<li><a href=\"https:\/\/support.apple.com\/kb\/PH17191\" target=\"_blank\" rel=\"noopener\">Vejledning i at slette cookies p\u00e5 Safari browser<\/a><\/li>\r\n \t<li><a href=\"http:\/\/support.google.com\/chrome\/bin\/answer.py?hl=da&amp;answer=95647\" target=\"_blank\" rel=\"noopener\">Vejledning i at slette cookies p\u00e5 Google Chrome browser<\/a><\/li>\r\n \t<li><a href=\"http:\/\/support.mozilla.org\/da\/kb\/delete-cookies-remove-info-websites-stored?redirectlocale=en-US&amp;redirectslug=Deleting+cookies\" target=\"_blank\" rel=\"noopener\">Vejledning i at slette cookies p\u00e5 Mozilla Firefox browser<\/a><\/li>\r\n \t<li><a href=\"http:\/\/timeread.hubpages.com\/hub\/How-to-delete-internet-cookies-on-your-Droid-or-any-Android-device\" target=\"_blank\" rel=\"noopener\">Vejledning i at slette cookies fra Android telefoner<\/a><\/li>\r\n \t<li><a href=\"http:\/\/help.opera.com\/Windows\/9.51\/da\/cookies.html\" target=\"_blank\" rel=\"noopener\">Vejledning i at slette cookies p\u00e5 Opera browser<\/a><\/li>\r\n \t<li><a href=\"http:\/\/support.apple.com\/kb\/HT1677?viewlocale=da_DK\" target=\"_blank\" rel=\"noopener\">Vejledning i at slette cookies p\u00e5 iPad, iPhone, iPod touch<\/a><\/li>\r\n \t<li><a href=\"http:\/\/www.wingadgetnews.com\/delete-internet-cookies-cache-browsing-history-windows-phone-7\/\" target=\"_blank\" rel=\"noopener\">Vejledning i at slette cookies fra Windows Phone 7<\/a><\/li>\r\n<\/ul>\r\n<h2>Hvad sker der hvis du ikke accepterer eller sletter cookies<\/h2>\r\nHvis du v\u00e6lger at blokere for alle cookies eller sletter eksisterende cookies p\u00e5 din computer, kan du stadig l\u00e6se tekst p\u00e5 [wp_site_url]. Dog kan der v\u00e6re funktioner og services du ikke kan bruge, fordi de foruds\u00e6tter, at webstedet kan huske de valg du foretager.\r\n<h2>Regler<\/h2>\r\nDe regler, der g\u00e6lder for [wp_site_name] brug af cookies, findes nedenfor.\r\n\r\n<a href=\"https:\/\/www.retsinformation.dk\/Forms\/R0710.aspx?id=139279\" target=\"_blank\" rel=\"noopener\">Bekendtg\u00f8relse om cookies\r\n<\/a><a href=\"https:\/\/erhvervsstyrelsen.dk\/cookie-loven\" target=\"_blank\" rel=\"noopener\">Vejledning om cookies<\/a>\r\n<h2>Kontakt<\/h2>\r\nDu er velkommen til at kontakte os hvis du har yderligere sp\u00f8rgsm\u00e5l til anvendelsen af cookies p\u00e5 [wp_site_url].\t\t\t\t\t\t\t\t<\/div>\n\t\t\t\t<\/div>\n\t\t\t\t\t<\/div>\n\t\t<\/div>\n\t\t\t\t\t<\/div>\n\t\t<\/section>\n\t\t\t\t<\/div>\n\t\t","protected":false},"excerpt":{"rendered":"<p>Brug af cookies Her kan du l\u00e6se [wp_site_name] politik for anvendelsen af cookies ved bes\u00f8g p\u00e5 [wp_site_url]. Ved bes\u00f8g p\u00e5 [wp_site_name] hjemmeside accepterer du nedenst\u00e5ende politik om cookies. Klik her for at g\u00e5 til privatlivspolitik Hvad er en cookie? En cookie er en lille tekstfil, denne gemmes i webbrowseren p\u00e5 din computer, smartphone, iPad eller [&hellip;]<\/p>\n","protected":false},"author":2,"featured_media":0,"parent":0,"menu_order":0,"comment_status":"closed","ping_status":"closed","template":"","meta":{"_acf_changed":false,"footnotes":""},"class_list":["post-555","page","type-page","status-publish","hentry"],"acf":[],"yoast_head":"<!-- This site is optimized with the Yoast SEO plugin v24.1 - https:\/\/yoast.com\/wordpress\/plugins\/seo\/ -->\n<title>Cookie-politik | Kapital Partner A\/S<\/title>\n<meta name=\"robots\" content=\"index, follow, max-snippet:-1, max-image-preview:large, max-video-preview:-1\" \/>\n<link rel=\"canonical\" href=\"https:\/\/kapitalpartner.dk\/en\/cookie-politik\/\" \/>\n<meta property=\"og:locale\" content=\"en_US\" \/>\n<meta property=\"og:type\" content=\"article\" \/>\n<meta property=\"og:title\" content=\"Cookie-politik | Kapital Partner A\/S\" \/>\n<meta property=\"og:description\" content=\"Brug af cookies Her kan du l\u00e6se [wp_site_name] politik for anvendelsen af cookies ved bes\u00f8g p\u00e5 [wp_site_url]. Ved bes\u00f8g p\u00e5 [wp_site_name] hjemmeside accepterer du nedenst\u00e5ende politik om cookies. Klik her for at g\u00e5 til privatlivspolitik Hvad er en cookie? En cookie er en lille tekstfil, denne gemmes i webbrowseren p\u00e5 din computer, smartphone, iPad eller [&hellip;]\" \/>\n<meta property=\"og:url\" content=\"https:\/\/kapitalpartner.dk\/en\/cookie-politik\/\" \/>\n<meta property=\"og:site_name\" content=\"Kapital Partner A\/S\" \/>\n<meta property=\"article:publisher\" content=\"https:\/\/www.facebook.com\/kapitalpartner\" \/>\n<meta property=\"article:modified_time\" content=\"2022-11-03T08:01:13+00:00\" \/>\n<meta property=\"og:image\" content=\"https:\/\/kapitalpartner.dk\/wp-content\/uploads\/2022\/10\/Corporate-Finance-e1667391450167.jpg\" \/>\n<meta name=\"twitter:card\" content=\"summary_large_image\" \/>\n<meta name=\"twitter:site\" content=\"@KapitalPartner\" \/>\n<meta name=\"twitter:label1\" content=\"Est. reading time\" \/>\n\t<meta name=\"twitter:data1\" content=\"4 minutes\" \/>\n<script type=\"application\/ld+json\" class=\"yoast-schema-graph\">{\"@context\":\"https:\/\/schema.org\",\"@graph\":[{\"@type\":\"WebPage\",\"@id\":\"https:\/\/kapitalpartner.dk\/en\/cookie-politik\/\",\"url\":\"https:\/\/kapitalpartner.dk\/en\/cookie-politik\/\",\"name\":\"Cookie-politik | Kapital Partner A\/S\",\"isPartOf\":{\"@id\":\"https:\/\/kapitalpartner.dk\/#website\"},\"primaryImageOfPage\":{\"@id\":\"https:\/\/kapitalpartner.dk\/en\/cookie-politik\/#primaryimage\"},\"image\":{\"@id\":\"https:\/\/kapitalpartner.dk\/en\/cookie-politik\/#primaryimage\"},\"thumbnailUrl\":\"https:\/\/kapitalpartner.dk\/wp-content\/uploads\/2022\/10\/Corporate-Finance-e1667391450167.jpg\",\"datePublished\":\"2018-06-13T10:50:08+00:00\",\"dateModified\":\"2022-11-03T08:01:13+00:00\",\"breadcrumb\":{\"@id\":\"https:\/\/kapitalpartner.dk\/en\/cookie-politik\/#breadcrumb\"},\"inLanguage\":\"en-US\",\"potentialAction\":[{\"@type\":\"ReadAction\",\"target\":[\"https:\/\/kapitalpartner.dk\/en\/cookie-politik\/\"]}]},{\"@type\":\"ImageObject\",\"inLanguage\":\"en-US\",\"@id\":\"https:\/\/kapitalpartner.dk\/en\/cookie-politik\/#primaryimage\",\"url\":\"https:\/\/kapitalpartner.dk\/wp-content\/uploads\/2022\/10\/Corporate-Finance-e1667391450167.jpg\",\"contentUrl\":\"https:\/\/kapitalpartner.dk\/wp-content\/uploads\/2022\/10\/Corporate-Finance-e1667391450167.jpg\"},{\"@type\":\"BreadcrumbList\",\"@id\":\"https:\/\/kapitalpartner.dk\/en\/cookie-politik\/#breadcrumb\",\"itemListElement\":[{\"@type\":\"ListItem\",\"position\":1,\"name\":\"Home\",\"item\":\"https:\/\/kapitalpartner.dk\/en\/\"},{\"@type\":\"ListItem\",\"position\":2,\"name\":\"Cookie-politik\"}]},{\"@type\":\"WebSite\",\"@id\":\"https:\/\/kapitalpartner.dk\/#website\",\"url\":\"https:\/\/kapitalpartner.dk\/\",\"name\":\"Kapital Partner A\/S\",\"description\":\"\",\"publisher\":{\"@id\":\"https:\/\/kapitalpartner.dk\/#organization\"},\"potentialAction\":[{\"@type\":\"SearchAction\",\"target\":{\"@type\":\"EntryPoint\",\"urlTemplate\":\"https:\/\/kapitalpartner.dk\/?s={search_term_string}\"},\"query-input\":{\"@type\":\"PropertyValueSpecification\",\"valueRequired\":true,\"valueName\":\"search_term_string\"}}],\"inLanguage\":\"en-US\"},{\"@type\":\"Organization\",\"@id\":\"https:\/\/kapitalpartner.dk\/#organization\",\"name\":\"Kapital Partner A\/S\",\"url\":\"https:\/\/kapitalpartner.dk\/\",\"logo\":{\"@type\":\"ImageObject\",\"inLanguage\":\"en-US\",\"@id\":\"https:\/\/kapitalpartner.dk\/#\/schema\/logo\/image\/\",\"url\":\"https:\/\/kapitalpartner.dk\/wp-content\/uploads\/2021\/10\/Vandret-logo-PNG.png\",\"contentUrl\":\"https:\/\/kapitalpartner.dk\/wp-content\/uploads\/2021\/10\/Vandret-logo-PNG.png\",\"width\":496,\"height\":432,\"caption\":\"Kapital Partner A\/S\"},\"image\":{\"@id\":\"https:\/\/kapitalpartner.dk\/#\/schema\/logo\/image\/\"},\"sameAs\":[\"https:\/\/www.facebook.com\/kapitalpartner\",\"https:\/\/x.com\/KapitalPartner\",\"https:\/\/www.linkedin.com\/company\/10438322\",\"https:\/\/www.youtube.com\/channel\/UCODuY5PE_fxmp2nSSsq3l3w\"]}]}<\/script>\n<!-- \/ Yoast SEO plugin. -->","yoast_head_json":{"title":"Cookie-politik | Kapital Partner A\/S","robots":{"index":"index","follow":"follow","max-snippet":"max-snippet:-1","max-image-preview":"max-image-preview:large","max-video-preview":"max-video-preview:-1"},"canonical":"https:\/\/kapitalpartner.dk\/en\/cookie-politik\/","og_locale":"en_US","og_type":"article","og_title":"Cookie-politik | Kapital Partner A\/S","og_description":"Brug af cookies Her kan du l\u00e6se [wp_site_name] politik for anvendelsen af cookies ved bes\u00f8g p\u00e5 [wp_site_url]. Ved bes\u00f8g p\u00e5 [wp_site_name] hjemmeside accepterer du nedenst\u00e5ende politik om cookies. Klik her for at g\u00e5 til privatlivspolitik Hvad er en cookie? En cookie er en lille tekstfil, denne gemmes i webbrowseren p\u00e5 din computer, smartphone, iPad eller [&hellip;]","og_url":"https:\/\/kapitalpartner.dk\/en\/cookie-politik\/","og_site_name":"Kapital Partner A\/S","article_publisher":"https:\/\/www.facebook.com\/kapitalpartner","article_modified_time":"2022-11-03T08:01:13+00:00","og_image":[{"url":"https:\/\/kapitalpartner.dk\/wp-content\/uploads\/2022\/10\/Corporate-Finance-e1667391450167.jpg","type":"","width":"","height":""}],"twitter_card":"summary_large_image","twitter_site":"@KapitalPartner","twitter_misc":{"Est. reading time":"4 minutes"},"schema":{"@context":"https:\/\/schema.org","@graph":[{"@type":"WebPage","@id":"https:\/\/kapitalpartner.dk\/en\/cookie-politik\/","url":"https:\/\/kapitalpartner.dk\/en\/cookie-politik\/","name":"Cookie-politik | Kapital Partner A\/S","isPartOf":{"@id":"https:\/\/kapitalpartner.dk\/#website"},"primaryImageOfPage":{"@id":"https:\/\/kapitalpartner.dk\/en\/cookie-politik\/#primaryimage"},"image":{"@id":"https:\/\/kapitalpartner.dk\/en\/cookie-politik\/#primaryimage"},"thumbnailUrl":"https:\/\/kapitalpartner.dk\/wp-content\/uploads\/2022\/10\/Corporate-Finance-e1667391450167.jpg","datePublished":"2018-06-13T10:50:08+00:00","dateModified":"2022-11-03T08:01:13+00:00","breadcrumb":{"@id":"https:\/\/kapitalpartner.dk\/en\/cookie-politik\/#breadcrumb"},"inLanguage":"en-US","potentialAction":[{"@type":"ReadAction","target":["https:\/\/kapitalpartner.dk\/en\/cookie-politik\/"]}]},{"@type":"ImageObject","inLanguage":"en-US","@id":"https:\/\/kapitalpartner.dk\/en\/cookie-politik\/#primaryimage","url":"https:\/\/kapitalpartner.dk\/wp-content\/uploads\/2022\/10\/Corporate-Finance-e1667391450167.jpg","contentUrl":"https:\/\/kapitalpartner.dk\/wp-content\/uploads\/2022\/10\/Corporate-Finance-e1667391450167.jpg"},{"@type":"BreadcrumbList","@id":"https:\/\/kapitalpartner.dk\/en\/cookie-politik\/#breadcrumb","itemListElement":[{"@type":"ListItem","position":1,"name":"Home","item":"https:\/\/kapitalpartner.dk\/en\/"},{"@type":"ListItem","position":2,"name":"Cookie-politik"}]},{"@type":"WebSite","@id":"https:\/\/kapitalpartner.dk\/#website","url":"https:\/\/kapitalpartner.dk\/","name":"Kapital Partner A\/S","description":"","publisher":{"@id":"https:\/\/kapitalpartner.dk\/#organization"},"potentialAction":[{"@type":"SearchAction","target":{"@type":"EntryPoint","urlTemplate":"https:\/\/kapitalpartner.dk\/?s={search_term_string}"},"query-input":{"@type":"PropertyValueSpecification","valueRequired":true,"valueName":"search_term_string"}}],"inLanguage":"en-US"},{"@type":"Organization","@id":"https:\/\/kapitalpartner.dk\/#organization","name":"Kapital Partner A\/S","url":"https:\/\/kapitalpartner.dk\/","logo":{"@type":"ImageObject","inLanguage":"en-US","@id":"https:\/\/kapitalpartner.dk\/#\/schema\/logo\/image\/","url":"https:\/\/kapitalpartner.dk\/wp-content\/uploads\/2021\/10\/Vandret-logo-PNG.png","contentUrl":"https:\/\/kapitalpartner.dk\/wp-content\/uploads\/2021\/10\/Vandret-logo-PNG.png","width":496,"height":432,"caption":"Kapital Partner A\/S"},"image":{"@id":"https:\/\/kapitalpartner.dk\/#\/schema\/logo\/image\/"},"sameAs":["https:\/\/www.facebook.com\/kapitalpartner","https:\/\/x.com\/KapitalPartner","https:\/\/www.linkedin.com\/company\/10438322","https:\/\/www.youtube.com\/channel\/UCODuY5PE_fxmp2nSSsq3l3w"]}]}},"_links":{"self":[{"href":"https:\/\/kapitalpartner.dk\/en\/wp-json\/wp\/v2\/pages\/555"}],"collection":[{"href":"https:\/\/kapitalpartner.dk\/en\/wp-json\/wp\/v2\/pages"}],"about":[{"href":"https:\/\/kapitalpartner.dk\/en\/wp-json\/wp\/v2\/types\/page"}],"author":[{"embeddable":true,"href":"https:\/\/kapitalpartner.dk\/en\/wp-json\/wp\/v2\/users\/2"}],"replies":[{"embeddable":true,"href":"https:\/\/kapitalpartner.dk\/en\/wp-json\/wp\/v2\/comments?post=555"}],"version-history":[{"count":3,"href":"https:\/\/kapitalpartner.dk\/en\/wp-json\/wp\/v2\/pages\/555\/revisions"}],"predecessor-version":[{"id":27226,"href":"https:\/\/kapitalpartner.dk\/en\/wp-json\/wp\/v2\/pages\/555\/revisions\/27226"}],"wp:attachment":[{"href":"https:\/\/kapitalpartner.dk\/en\/wp-json\/wp\/v2\/media?parent=555"}],"curies":[{"name":"wp","href":"https:\/\/api.w.org\/{rel}","templated":true}]}}