{"id":18325,"date":"2022-05-05T08:50:14","date_gmt":"2022-05-05T06:50:14","guid":{"rendered":"https:\/\/kapitalpartner.dk\/?page_id=18325"},"modified":"2022-11-11T09:23:23","modified_gmt":"2022-11-11T08:23:23","slug":"soren-moller","status":"publish","type":"page","link":"https:\/\/kapitalpartner.dk\/en\/soren-moller\/","title":{"rendered":"S\u00f8ren M\u00f8ller"},"content":{"rendered":"\t\t<div data-elementor-type=\"wp-page\" data-elementor-id=\"18325\" class=\"elementor elementor-18325 elementor-18270\" data-elementor-post-type=\"page\">\n\t\t\t\t\t\t<section class=\"elementor-section elementor-top-section elementor-element elementor-element-a541a3e elementor-section-full_width elementor-section-stretched elementor-section-height-default elementor-section-height-default\" data-id=\"a541a3e\" data-element_type=\"section\" data-settings=\"{&quot;stretch_section&quot;:&quot;section-stretched&quot;,&quot;background_background&quot;:&quot;classic&quot;}\">\n\t\t\t\t\t\t<div class=\"elementor-container elementor-column-gap-no\">\n\t\t\t\t\t<div class=\"elementor-column elementor-col-100 elementor-top-column elementor-element elementor-element-2c2326b\" data-id=\"2c2326b\" data-element_type=\"column\" data-settings=\"{&quot;background_background&quot;:&quot;classic&quot;}\">\n\t\t\t<div class=\"elementor-widget-wrap elementor-element-populated\">\n\t\t\t\t\t\t<div class=\"elementor-element elementor-element-879b341 elementor-widget elementor-widget-image\" data-id=\"879b341\" data-element_type=\"widget\" data-widget_type=\"image.default\">\n\t\t\t\t<div class=\"elementor-widget-container\">\n\t\t\t\t\t\t\t\t\t\t\t\t\t\t\t<img fetchpriority=\"high\" decoding=\"async\" width=\"1200\" height=\"292\" src=\"https:\/\/kapitalpartner.dk\/wp-content\/uploads\/2022\/10\/Corporate-Finance-e1667391450167.jpg\" class=\"attachment-full size-full wp-image-25834\" alt=\"\" srcset=\"https:\/\/kapitalpartner.dk\/wp-content\/uploads\/2022\/10\/Corporate-Finance-e1667391450167.jpg 1200w, https:\/\/kapitalpartner.dk\/wp-content\/uploads\/2022\/10\/Corporate-Finance-e1667391450167-300x73.jpg 300w, https:\/\/kapitalpartner.dk\/wp-content\/uploads\/2022\/10\/Corporate-Finance-e1667391450167-768x187.jpg 768w\" sizes=\"(max-width: 1200px) 100vw, 1200px\" \/>\t\t\t\t\t\t\t\t\t\t\t\t\t\t\t<\/div>\n\t\t\t\t<\/div>\n\t\t\t\t\t<\/div>\n\t\t<\/div>\n\t\t\t\t\t<\/div>\n\t\t<\/section>\n\t\t\t\t<section class=\"elementor-section elementor-top-section elementor-element elementor-element-8f45b93 elementor-section-boxed elementor-section-height-default elementor-section-height-default\" data-id=\"8f45b93\" data-element_type=\"section\">\n\t\t\t\t\t\t<div class=\"elementor-container elementor-column-gap-default\">\n\t\t\t\t\t<div class=\"elementor-column elementor-col-100 elementor-top-column elementor-element elementor-element-067b45b\" data-id=\"067b45b\" data-element_type=\"column\">\n\t\t\t<div class=\"elementor-widget-wrap elementor-element-populated\">\n\t\t\t\t\t\t<div class=\"elementor-element elementor-element-2f79329 elementor-widget elementor-widget-heading\" data-id=\"2f79329\" data-element_type=\"widget\" data-widget_type=\"heading.default\">\n\t\t\t\t<div class=\"elementor-widget-container\">\n\t\t\t\t\t<h2 class=\"elementor-heading-title elementor-size-default\">&nbsp; S\u00f8ren M\u00f8ller <\/h2>\t\t\t\t<\/div>\n\t\t\t\t<\/div>\n\t\t\t\t\t<\/div>\n\t\t<\/div>\n\t\t\t\t\t<\/div>\n\t\t<\/section>\n\t\t\t\t<section class=\"elementor-section elementor-top-section elementor-element elementor-element-0853038 elementor-section-boxed elementor-section-height-default elementor-section-height-default\" data-id=\"0853038\" data-element_type=\"section\">\n\t\t\t\t\t\t<div class=\"elementor-container elementor-column-gap-default\">\n\t\t\t\t\t<div class=\"elementor-column elementor-col-50 elementor-top-column elementor-element elementor-element-bc857df\" data-id=\"bc857df\" data-element_type=\"column\">\n\t\t\t<div class=\"elementor-widget-wrap elementor-element-populated\">\n\t\t\t\t\t\t<div class=\"elementor-element elementor-element-d000e85 elementor-widget elementor-widget-image\" data-id=\"d000e85\" data-element_type=\"widget\" data-widget_type=\"image.default\">\n\t\t\t\t<div class=\"elementor-widget-container\">\n\t\t\t\t\t\t\t\t\t\t\t\t\t\t\t<img decoding=\"async\" width=\"640\" height=\"640\" src=\"https:\/\/kapitalpartner.dk\/wp-content\/uploads\/2022\/05\/soeren-foto.jpg\" class=\"attachment-large size-large wp-image-18290\" alt=\"\" srcset=\"https:\/\/kapitalpartner.dk\/wp-content\/uploads\/2022\/05\/soeren-foto.jpg 640w, https:\/\/kapitalpartner.dk\/wp-content\/uploads\/2022\/05\/soeren-foto-300x300.jpg 300w, https:\/\/kapitalpartner.dk\/wp-content\/uploads\/2022\/05\/soeren-foto-150x150.jpg 150w\" sizes=\"(max-width: 640px) 100vw, 640px\" \/>\t\t\t\t\t\t\t\t\t\t\t\t\t\t\t<\/div>\n\t\t\t\t<\/div>\n\t\t\t\t\t<\/div>\n\t\t<\/div>\n\t\t\t\t<div class=\"elementor-column elementor-col-50 elementor-top-column elementor-element elementor-element-6d820c9\" data-id=\"6d820c9\" data-element_type=\"column\">\n\t\t\t<div class=\"elementor-widget-wrap elementor-element-populated\">\n\t\t\t\t\t\t<div class=\"elementor-element elementor-element-15c56bc elementor-widget elementor-widget-heading\" data-id=\"15c56bc\" data-element_type=\"widget\" data-widget_type=\"heading.default\">\n\t\t\t\t<div class=\"elementor-widget-container\">\n\t\t\t\t\t<h3 class=\"elementor-heading-title elementor-size-default\">Chairman of the board<\/h3>\t\t\t\t<\/div>\n\t\t\t\t<\/div>\n\t\t\t\t<div class=\"elementor-element elementor-element-b2d6e86 elementor-widget elementor-widget-text-editor\" data-id=\"b2d6e86\" data-element_type=\"widget\" data-widget_type=\"text-editor.default\">\n\t\t\t\t<div class=\"elementor-widget-container\">\n\t\t\t\t\t\t\t\t\t<p>S\u00f8ren M\u00f8ller is a business owner, board member and advisor.<\/p><p>S\u00f8ren M\u00f8ller has experience from a number of senior positions in international listed companies, including as Sector Head, Healthcare in Handelsbanken Corporate Finance, Partner in Maj Invest Private Equity, Head of Investor Relations in ISS and Deputy Director and member of the Executive Board of Eksportkreditfonden (EKF) as well as as a self-employed business owner.<\/p><p>S\u00f8ren M\u00f8ller has worked with communication, capital markets, capital raising, financing, M&amp;A and management in large international listed, private and state-owned companies as well as in smaller owner-managed companies. S\u00f8ren M\u00f8ller has i.a. assisted with listing of TopoTarget, Nycomed and Biovitrum.<\/p>\t\t\t\t\t\t\t\t<\/div>\n\t\t\t\t<\/div>\n\t\t\t\t<section class=\"elementor-section elementor-inner-section elementor-element elementor-element-a94c1a8 elementor-section-boxed elementor-section-height-default elementor-section-height-default\" data-id=\"a94c1a8\" data-element_type=\"section\">\n\t\t\t\t\t\t<div class=\"elementor-container elementor-column-gap-default\">\n\t\t\t\t\t<div class=\"elementor-column elementor-col-100 elementor-inner-column elementor-element elementor-element-f73b54d\" data-id=\"f73b54d\" data-element_type=\"column\">\n\t\t\t<div class=\"elementor-widget-wrap elementor-element-populated\">\n\t\t\t\t\t\t<div class=\"elementor-element elementor-element-360626d elementor-widget__width-auto elementor-view-default elementor-widget elementor-widget-icon\" data-id=\"360626d\" data-element_type=\"widget\" data-widget_type=\"icon.default\">\n\t\t\t\t<div class=\"elementor-widget-container\">\n\t\t\t\t\t\t\t<div class=\"elementor-icon-wrapper\">\n\t\t\t<a class=\"elementor-icon\" href=\"https:\/\/www.linkedin.com\/in\/soerenmoeller\/\">\n\t\t\t<i aria-hidden=\"true\" class=\"fab fa-linkedin\"><\/i>\t\t\t<\/a>\n\t\t<\/div>\n\t\t\t\t\t\t<\/div>\n\t\t\t\t<\/div>\n\t\t\t\t\t<\/div>\n\t\t<\/div>\n\t\t\t\t\t<\/div>\n\t\t<\/section>\n\t\t\t\t\t<\/div>\n\t\t<\/div>\n\t\t\t\t\t<\/div>\n\t\t<\/section>\n\t\t\t\t<section class=\"elementor-section elementor-top-section elementor-element elementor-element-89ada7b elementor-section-boxed elementor-section-height-default elementor-section-height-default\" data-id=\"89ada7b\" data-element_type=\"section\">\n\t\t\t\t\t\t<div class=\"elementor-container elementor-column-gap-default\">\n\t\t\t\t\t<div class=\"elementor-column elementor-col-100 elementor-top-column elementor-element elementor-element-d806c8d\" data-id=\"d806c8d\" data-element_type=\"column\">\n\t\t\t<div class=\"elementor-widget-wrap elementor-element-populated\">\n\t\t\t\t\t\t<div class=\"elementor-element elementor-element-e1c8184 elementor-widget elementor-widget-spacer\" data-id=\"e1c8184\" data-element_type=\"widget\" data-widget_type=\"spacer.default\">\n\t\t\t\t<div class=\"elementor-widget-container\">\n\t\t\t\t\t\t\t<div class=\"elementor-spacer\">\n\t\t\t<div class=\"elementor-spacer-inner\"><\/div>\n\t\t<\/div>\n\t\t\t\t\t\t<\/div>\n\t\t\t\t<\/div>\n\t\t\t\t\t<\/div>\n\t\t<\/div>\n\t\t\t\t\t<\/div>\n\t\t<\/section>\n\t\t\t\t<section class=\"elementor-section elementor-top-section elementor-element elementor-element-9c6d636 elementor-section-boxed elementor-section-height-default elementor-section-height-default\" data-id=\"9c6d636\" data-element_type=\"section\">\n\t\t\t\t\t\t<div class=\"elementor-container elementor-column-gap-default\">\n\t\t\t\t\t<div class=\"elementor-column elementor-col-100 elementor-top-column elementor-element elementor-element-259896f\" data-id=\"259896f\" data-element_type=\"column\">\n\t\t\t<div class=\"elementor-widget-wrap elementor-element-populated\">\n\t\t\t\t\t\t<div class=\"elementor-element elementor-element-419ada6 elementor-widget-divider--view-line_icon elementor-view-default elementor-widget-divider--element-align-center elementor-widget elementor-widget-divider\" data-id=\"419ada6\" data-element_type=\"widget\" data-widget_type=\"divider.default\">\n\t\t\t\t<div class=\"elementor-widget-container\">\n\t\t\t\t\t\t\t<div class=\"elementor-divider\">\n\t\t\t<span class=\"elementor-divider-separator\">\n\t\t\t\t\t\t\t<div class=\"elementor-icon elementor-divider__element\">\n\t\t\t\t\t<i aria-hidden=\"true\" class=\"far fa-building\"><\/i><\/div>\n\t\t\t\t\t\t<\/span>\n\t\t<\/div>\n\t\t\t\t\t\t<\/div>\n\t\t\t\t<\/div>\n\t\t\t\t\t<\/div>\n\t\t<\/div>\n\t\t\t\t\t<\/div>\n\t\t<\/section>\n\t\t\t\t<\/div>\n\t\t","protected":false},"excerpt":{"rendered":"<p>&nbsp; S\u00f8ren M\u00f8ller Chairman of the board S\u00f8ren M\u00f8ller is a business owner, board member and advisor. S\u00f8ren M\u00f8ller has experience from a number of senior positions in international listed companies, including as Sector Head, Healthcare in Handelsbanken Corporate Finance, Partner in Maj Invest Private Equity, Head of Investor Relations in ISS and Deputy Director [&hellip;]<\/p>\n","protected":false},"author":4,"featured_media":0,"parent":0,"menu_order":0,"comment_status":"closed","ping_status":"closed","template":"","meta":{"_acf_changed":false,"footnotes":""},"class_list":["post-18325","page","type-page","status-publish","hentry"],"acf":[],"yoast_head":"<!-- This site is optimized with the Yoast SEO plugin v24.1 - https:\/\/yoast.com\/wordpress\/plugins\/seo\/ -->\n<title>S\u00f8ren M\u00f8ller | Kapital Partner A\/S<\/title>\n<meta name=\"robots\" content=\"index, follow, max-snippet:-1, max-image-preview:large, max-video-preview:-1\" \/>\n<link rel=\"canonical\" href=\"https:\/\/kapitalpartner.dk\/en\/soren-moller\/\" \/>\n<meta property=\"og:locale\" content=\"en_US\" \/>\n<meta property=\"og:type\" content=\"article\" \/>\n<meta property=\"og:title\" content=\"S\u00f8ren M\u00f8ller | Kapital Partner A\/S\" \/>\n<meta property=\"og:description\" content=\"&nbsp; S\u00f8ren M\u00f8ller Chairman of the board S\u00f8ren M\u00f8ller is a business owner, board member and advisor. S\u00f8ren M\u00f8ller has experience from a number of senior positions in international listed companies, including as Sector Head, Healthcare in Handelsbanken Corporate Finance, Partner in Maj Invest Private Equity, Head of Investor Relations in ISS and Deputy Director [&hellip;]\" \/>\n<meta property=\"og:url\" content=\"https:\/\/kapitalpartner.dk\/en\/soren-moller\/\" \/>\n<meta property=\"og:site_name\" content=\"Kapital Partner A\/S\" \/>\n<meta property=\"article:publisher\" content=\"https:\/\/www.facebook.com\/kapitalpartner\" \/>\n<meta property=\"article:modified_time\" content=\"2022-11-11T08:23:23+00:00\" \/>\n<meta property=\"og:image\" content=\"https:\/\/kapitalpartner.dk\/wp-content\/uploads\/2022\/10\/Corporate-Finance-e1667391450167.jpg\" \/>\n<meta name=\"twitter:card\" content=\"summary_large_image\" \/>\n<meta name=\"twitter:site\" content=\"@KapitalPartner\" \/>\n<meta name=\"twitter:label1\" content=\"Est. reading time\" \/>\n\t<meta name=\"twitter:data1\" content=\"1 minute\" \/>\n<script type=\"application\/ld+json\" class=\"yoast-schema-graph\">{\"@context\":\"https:\/\/schema.org\",\"@graph\":[{\"@type\":\"WebPage\",\"@id\":\"https:\/\/kapitalpartner.dk\/en\/soren-moller\/\",\"url\":\"https:\/\/kapitalpartner.dk\/en\/soren-moller\/\",\"name\":\"S\u00f8ren M\u00f8ller | Kapital Partner A\/S\",\"isPartOf\":{\"@id\":\"https:\/\/kapitalpartner.dk\/#website\"},\"primaryImageOfPage\":{\"@id\":\"https:\/\/kapitalpartner.dk\/en\/soren-moller\/#primaryimage\"},\"image\":{\"@id\":\"https:\/\/kapitalpartner.dk\/en\/soren-moller\/#primaryimage\"},\"thumbnailUrl\":\"https:\/\/kapitalpartner.dk\/wp-content\/uploads\/2022\/10\/Corporate-Finance-e1667391450167.jpg\",\"datePublished\":\"2022-05-05T06:50:14+00:00\",\"dateModified\":\"2022-11-11T08:23:23+00:00\",\"breadcrumb\":{\"@id\":\"https:\/\/kapitalpartner.dk\/en\/soren-moller\/#breadcrumb\"},\"inLanguage\":\"en-US\",\"potentialAction\":[{\"@type\":\"ReadAction\",\"target\":[\"https:\/\/kapitalpartner.dk\/en\/soren-moller\/\"]}]},{\"@type\":\"ImageObject\",\"inLanguage\":\"en-US\",\"@id\":\"https:\/\/kapitalpartner.dk\/en\/soren-moller\/#primaryimage\",\"url\":\"https:\/\/kapitalpartner.dk\/wp-content\/uploads\/2022\/10\/Corporate-Finance-e1667391450167.jpg\",\"contentUrl\":\"https:\/\/kapitalpartner.dk\/wp-content\/uploads\/2022\/10\/Corporate-Finance-e1667391450167.jpg\"},{\"@type\":\"BreadcrumbList\",\"@id\":\"https:\/\/kapitalpartner.dk\/en\/soren-moller\/#breadcrumb\",\"itemListElement\":[{\"@type\":\"ListItem\",\"position\":1,\"name\":\"Home\",\"item\":\"https:\/\/kapitalpartner.dk\/en\/\"},{\"@type\":\"ListItem\",\"position\":2,\"name\":\"S\u00f8ren M\u00f8ller\"}]},{\"@type\":\"WebSite\",\"@id\":\"https:\/\/kapitalpartner.dk\/#website\",\"url\":\"https:\/\/kapitalpartner.dk\/\",\"name\":\"Kapital Partner A\/S\",\"description\":\"\",\"publisher\":{\"@id\":\"https:\/\/kapitalpartner.dk\/#organization\"},\"potentialAction\":[{\"@type\":\"SearchAction\",\"target\":{\"@type\":\"EntryPoint\",\"urlTemplate\":\"https:\/\/kapitalpartner.dk\/?s={search_term_string}\"},\"query-input\":{\"@type\":\"PropertyValueSpecification\",\"valueRequired\":true,\"valueName\":\"search_term_string\"}}],\"inLanguage\":\"en-US\"},{\"@type\":\"Organization\",\"@id\":\"https:\/\/kapitalpartner.dk\/#organization\",\"name\":\"Kapital Partner A\/S\",\"url\":\"https:\/\/kapitalpartner.dk\/\",\"logo\":{\"@type\":\"ImageObject\",\"inLanguage\":\"en-US\",\"@id\":\"https:\/\/kapitalpartner.dk\/#\/schema\/logo\/image\/\",\"url\":\"https:\/\/kapitalpartner.dk\/wp-content\/uploads\/2021\/10\/Vandret-logo-PNG.png\",\"contentUrl\":\"https:\/\/kapitalpartner.dk\/wp-content\/uploads\/2021\/10\/Vandret-logo-PNG.png\",\"width\":496,\"height\":432,\"caption\":\"Kapital Partner A\/S\"},\"image\":{\"@id\":\"https:\/\/kapitalpartner.dk\/#\/schema\/logo\/image\/\"},\"sameAs\":[\"https:\/\/www.facebook.com\/kapitalpartner\",\"https:\/\/x.com\/KapitalPartner\",\"https:\/\/www.linkedin.com\/company\/10438322\",\"https:\/\/www.youtube.com\/channel\/UCODuY5PE_fxmp2nSSsq3l3w\"]}]}<\/script>\n<!-- \/ Yoast SEO plugin. -->","yoast_head_json":{"title":"S\u00f8ren M\u00f8ller | Kapital Partner A\/S","robots":{"index":"index","follow":"follow","max-snippet":"max-snippet:-1","max-image-preview":"max-image-preview:large","max-video-preview":"max-video-preview:-1"},"canonical":"https:\/\/kapitalpartner.dk\/en\/soren-moller\/","og_locale":"en_US","og_type":"article","og_title":"S\u00f8ren M\u00f8ller | Kapital Partner A\/S","og_description":"&nbsp; S\u00f8ren M\u00f8ller Chairman of the board S\u00f8ren M\u00f8ller is a business owner, board member and advisor. S\u00f8ren M\u00f8ller has experience from a number of senior positions in international listed companies, including as Sector Head, Healthcare in Handelsbanken Corporate Finance, Partner in Maj Invest Private Equity, Head of Investor Relations in ISS and Deputy Director [&hellip;]","og_url":"https:\/\/kapitalpartner.dk\/en\/soren-moller\/","og_site_name":"Kapital Partner A\/S","article_publisher":"https:\/\/www.facebook.com\/kapitalpartner","article_modified_time":"2022-11-11T08:23:23+00:00","og_image":[{"url":"https:\/\/kapitalpartner.dk\/wp-content\/uploads\/2022\/10\/Corporate-Finance-e1667391450167.jpg","type":"","width":"","height":""}],"twitter_card":"summary_large_image","twitter_site":"@KapitalPartner","twitter_misc":{"Est. reading time":"1 minute"},"schema":{"@context":"https:\/\/schema.org","@graph":[{"@type":"WebPage","@id":"https:\/\/kapitalpartner.dk\/en\/soren-moller\/","url":"https:\/\/kapitalpartner.dk\/en\/soren-moller\/","name":"S\u00f8ren M\u00f8ller | Kapital Partner A\/S","isPartOf":{"@id":"https:\/\/kapitalpartner.dk\/#website"},"primaryImageOfPage":{"@id":"https:\/\/kapitalpartner.dk\/en\/soren-moller\/#primaryimage"},"image":{"@id":"https:\/\/kapitalpartner.dk\/en\/soren-moller\/#primaryimage"},"thumbnailUrl":"https:\/\/kapitalpartner.dk\/wp-content\/uploads\/2022\/10\/Corporate-Finance-e1667391450167.jpg","datePublished":"2022-05-05T06:50:14+00:00","dateModified":"2022-11-11T08:23:23+00:00","breadcrumb":{"@id":"https:\/\/kapitalpartner.dk\/en\/soren-moller\/#breadcrumb"},"inLanguage":"en-US","potentialAction":[{"@type":"ReadAction","target":["https:\/\/kapitalpartner.dk\/en\/soren-moller\/"]}]},{"@type":"ImageObject","inLanguage":"en-US","@id":"https:\/\/kapitalpartner.dk\/en\/soren-moller\/#primaryimage","url":"https:\/\/kapitalpartner.dk\/wp-content\/uploads\/2022\/10\/Corporate-Finance-e1667391450167.jpg","contentUrl":"https:\/\/kapitalpartner.dk\/wp-content\/uploads\/2022\/10\/Corporate-Finance-e1667391450167.jpg"},{"@type":"BreadcrumbList","@id":"https:\/\/kapitalpartner.dk\/en\/soren-moller\/#breadcrumb","itemListElement":[{"@type":"ListItem","position":1,"name":"Home","item":"https:\/\/kapitalpartner.dk\/en\/"},{"@type":"ListItem","position":2,"name":"S\u00f8ren M\u00f8ller"}]},{"@type":"WebSite","@id":"https:\/\/kapitalpartner.dk\/#website","url":"https:\/\/kapitalpartner.dk\/","name":"Kapital Partner A\/S","description":"","publisher":{"@id":"https:\/\/kapitalpartner.dk\/#organization"},"potentialAction":[{"@type":"SearchAction","target":{"@type":"EntryPoint","urlTemplate":"https:\/\/kapitalpartner.dk\/?s={search_term_string}"},"query-input":{"@type":"PropertyValueSpecification","valueRequired":true,"valueName":"search_term_string"}}],"inLanguage":"en-US"},{"@type":"Organization","@id":"https:\/\/kapitalpartner.dk\/#organization","name":"Kapital Partner A\/S","url":"https:\/\/kapitalpartner.dk\/","logo":{"@type":"ImageObject","inLanguage":"en-US","@id":"https:\/\/kapitalpartner.dk\/#\/schema\/logo\/image\/","url":"https:\/\/kapitalpartner.dk\/wp-content\/uploads\/2021\/10\/Vandret-logo-PNG.png","contentUrl":"https:\/\/kapitalpartner.dk\/wp-content\/uploads\/2021\/10\/Vandret-logo-PNG.png","width":496,"height":432,"caption":"Kapital Partner A\/S"},"image":{"@id":"https:\/\/kapitalpartner.dk\/#\/schema\/logo\/image\/"},"sameAs":["https:\/\/www.facebook.com\/kapitalpartner","https:\/\/x.com\/KapitalPartner","https:\/\/www.linkedin.com\/company\/10438322","https:\/\/www.youtube.com\/channel\/UCODuY5PE_fxmp2nSSsq3l3w"]}]}},"_links":{"self":[{"href":"https:\/\/kapitalpartner.dk\/en\/wp-json\/wp\/v2\/pages\/18325"}],"collection":[{"href":"https:\/\/kapitalpartner.dk\/en\/wp-json\/wp\/v2\/pages"}],"about":[{"href":"https:\/\/kapitalpartner.dk\/en\/wp-json\/wp\/v2\/types\/page"}],"author":[{"embeddable":true,"href":"https:\/\/kapitalpartner.dk\/en\/wp-json\/wp\/v2\/users\/4"}],"replies":[{"embeddable":true,"href":"https:\/\/kapitalpartner.dk\/en\/wp-json\/wp\/v2\/comments?post=18325"}],"version-history":[{"count":15,"href":"https:\/\/kapitalpartner.dk\/en\/wp-json\/wp\/v2\/pages\/18325\/revisions"}],"predecessor-version":[{"id":31051,"href":"https:\/\/kapitalpartner.dk\/en\/wp-json\/wp\/v2\/pages\/18325\/revisions\/31051"}],"wp:attachment":[{"href":"https:\/\/kapitalpartner.dk\/en\/wp-json\/wp\/v2\/media?parent=18325"}],"curies":[{"name":"wp","href":"https:\/\/api.w.org\/{rel}","templated":true}]}}